{"id":2368,"date":"2015-08-21T08:04:28","date_gmt":"2015-08-21T08:04:28","guid":{"rendered":"https:\/\/ttcomm.net\/contact-us\/"},"modified":"2021-07-14T13:24:01","modified_gmt":"2021-07-14T11:24:01","slug":"kontakt","status":"publish","type":"page","link":"https:\/\/www.ttcomm.net\/?page_id=2368","title":{"rendered":"Kontakt"},"content":{"rendered":"","protected":false},"excerpt":{"rendered":"","protected":false},"author":8,"featured_media":0,"parent":0,"menu_order":0,"comment_status":"closed","ping_status":"closed","template":"","meta":{"footnotes":""},"yoast_head":"<!-- This site is optimized with the Yoast SEO plugin v21.3 - https:\/\/yoast.com\/wordpress\/plugins\/seo\/ -->\n<title>Kontakt - ttcomm.net<\/title>\n<meta name=\"description\" content=\"TTcomm SA z siedzib\u0105 w Warszawie (00-515), ul. \u017burawia 32\/34, jest zarejestrowana przez S\u0105d Rejonowy dla m.st. Warszawy XII Wydzia\u0142 Gospodarczy Krajowego Rejestru S\u0105dowego pod numerem KRS 0000094552; NIP 521-13-03-295, w pe\u0142ni op\u0142acony kapita\u0142 sp\u00f3\u0142ki wynosi 16 872 997,68 z\u0142.\" \/>\n<meta name=\"robots\" content=\"index, follow, max-snippet:-1, max-image-preview:large, max-video-preview:-1\" \/>\n<link rel=\"canonical\" href=\"https:\/\/www.ttcomm.net\/?page_id=2368\" \/>\n<meta property=\"og:locale\" content=\"pl_PL\" \/>\n<meta property=\"og:type\" content=\"article\" \/>\n<meta property=\"og:title\" content=\"Kontakt - ttcomm.net\" \/>\n<meta property=\"og:description\" content=\"TTcomm SA z siedzib\u0105 w Warszawie (00-515), ul. \u017burawia 32\/34, jest zarejestrowana przez S\u0105d Rejonowy dla m.st. Warszawy XII Wydzia\u0142 Gospodarczy Krajowego Rejestru S\u0105dowego pod numerem KRS 0000094552; NIP 521-13-03-295, w pe\u0142ni op\u0142acony kapita\u0142 sp\u00f3\u0142ki wynosi 16 872 997,68 z\u0142.\" \/>\n<meta property=\"og:url\" content=\"https:\/\/www.ttcomm.net\/?page_id=2368\" \/>\n<meta property=\"og:site_name\" content=\"ttcomm.net\" \/>\n<meta property=\"article:modified_time\" content=\"2021-07-14T11:24:01+00:00\" \/>\n<meta name=\"twitter:card\" content=\"summary_large_image\" \/>\n<script type=\"application\/ld+json\" class=\"yoast-schema-graph\">{\"@context\":\"https:\/\/schema.org\",\"@graph\":[{\"@type\":\"WebPage\",\"@id\":\"https:\/\/www.ttcomm.net\/?page_id=2368\",\"url\":\"https:\/\/www.ttcomm.net\/?page_id=2368\",\"name\":\"Kontakt - ttcomm.net\",\"isPartOf\":{\"@id\":\"https:\/\/www.ttcomm.net\/#website\"},\"datePublished\":\"2015-08-21T08:04:28+00:00\",\"dateModified\":\"2021-07-14T11:24:01+00:00\",\"description\":\"TTcomm SA z siedzib\u0105 w Warszawie (00-515), ul. \u017burawia 32\/34, jest zarejestrowana przez S\u0105d Rejonowy dla m.st. Warszawy XII Wydzia\u0142 Gospodarczy Krajowego Rejestru S\u0105dowego pod numerem KRS 0000094552; NIP 521-13-03-295, w pe\u0142ni op\u0142acony kapita\u0142 sp\u00f3\u0142ki wynosi 16 872 997,68 z\u0142.\",\"breadcrumb\":{\"@id\":\"https:\/\/www.ttcomm.net\/?page_id=2368#breadcrumb\"},\"inLanguage\":\"pl-PL\",\"potentialAction\":[{\"@type\":\"ReadAction\",\"target\":[\"https:\/\/www.ttcomm.net\/?page_id=2368\"]}]},{\"@type\":\"BreadcrumbList\",\"@id\":\"https:\/\/www.ttcomm.net\/?page_id=2368#breadcrumb\",\"itemListElement\":[{\"@type\":\"ListItem\",\"position\":1,\"name\":\"Strona g\u0142\u00f3wna\",\"item\":\"https:\/\/www.ttcomm.net\/\"},{\"@type\":\"ListItem\",\"position\":2,\"name\":\"Kontakt\"}]},{\"@type\":\"WebSite\",\"@id\":\"https:\/\/www.ttcomm.net\/#website\",\"url\":\"https:\/\/www.ttcomm.net\/\",\"name\":\"ttcomm.net\",\"description\":\"Globalne rozwi\u0105zania telekomunikacyjne\",\"publisher\":{\"@id\":\"https:\/\/www.ttcomm.net\/#organization\"},\"potentialAction\":[{\"@type\":\"SearchAction\",\"target\":{\"@type\":\"EntryPoint\",\"urlTemplate\":\"https:\/\/www.ttcomm.net\/?s={search_term_string}\"},\"query-input\":\"required name=search_term_string\"}],\"inLanguage\":\"pl-PL\"},{\"@type\":\"Organization\",\"@id\":\"https:\/\/www.ttcomm.net\/#organization\",\"name\":\"TTcomm SA\",\"url\":\"https:\/\/www.ttcomm.net\/\",\"logo\":{\"@type\":\"ImageObject\",\"inLanguage\":\"pl-PL\",\"@id\":\"https:\/\/www.ttcomm.net\/#\/schema\/logo\/image\/\",\"url\":\"https:\/\/www.ttcomm.net\/wp-content\/uploads\/2018\/06\/TTcom-logo_poziom.png\",\"contentUrl\":\"https:\/\/www.ttcomm.net\/wp-content\/uploads\/2018\/06\/TTcom-logo_poziom.png\",\"width\":80,\"height\":34,\"caption\":\"TTcomm SA\"},\"image\":{\"@id\":\"https:\/\/www.ttcomm.net\/#\/schema\/logo\/image\/\"}}]}<\/script>\n<!-- \/ Yoast SEO plugin. -->","yoast_head_json":{"title":"Kontakt - ttcomm.net","description":"TTcomm SA z siedzib\u0105 w Warszawie (00-515), ul. \u017burawia 32\/34, jest zarejestrowana przez S\u0105d Rejonowy dla m.st. Warszawy XII Wydzia\u0142 Gospodarczy Krajowego Rejestru S\u0105dowego pod numerem KRS 0000094552; NIP 521-13-03-295, w pe\u0142ni op\u0142acony kapita\u0142 sp\u00f3\u0142ki wynosi 16 872 997,68 z\u0142.","robots":{"index":"index","follow":"follow","max-snippet":"max-snippet:-1","max-image-preview":"max-image-preview:large","max-video-preview":"max-video-preview:-1"},"canonical":"https:\/\/www.ttcomm.net\/?page_id=2368","og_locale":"pl_PL","og_type":"article","og_title":"Kontakt - ttcomm.net","og_description":"TTcomm SA z siedzib\u0105 w Warszawie (00-515), ul. \u017burawia 32\/34, jest zarejestrowana przez S\u0105d Rejonowy dla m.st. Warszawy XII Wydzia\u0142 Gospodarczy Krajowego Rejestru S\u0105dowego pod numerem KRS 0000094552; NIP 521-13-03-295, w pe\u0142ni op\u0142acony kapita\u0142 sp\u00f3\u0142ki wynosi 16 872 997,68 z\u0142.","og_url":"https:\/\/www.ttcomm.net\/?page_id=2368","og_site_name":"ttcomm.net","article_modified_time":"2021-07-14T11:24:01+00:00","twitter_card":"summary_large_image","schema":{"@context":"https:\/\/schema.org","@graph":[{"@type":"WebPage","@id":"https:\/\/www.ttcomm.net\/?page_id=2368","url":"https:\/\/www.ttcomm.net\/?page_id=2368","name":"Kontakt - ttcomm.net","isPartOf":{"@id":"https:\/\/www.ttcomm.net\/#website"},"datePublished":"2015-08-21T08:04:28+00:00","dateModified":"2021-07-14T11:24:01+00:00","description":"TTcomm SA z siedzib\u0105 w Warszawie (00-515), ul. \u017burawia 32\/34, jest zarejestrowana przez S\u0105d Rejonowy dla m.st. Warszawy XII Wydzia\u0142 Gospodarczy Krajowego Rejestru S\u0105dowego pod numerem KRS 0000094552; NIP 521-13-03-295, w pe\u0142ni op\u0142acony kapita\u0142 sp\u00f3\u0142ki wynosi 16 872 997,68 z\u0142.","breadcrumb":{"@id":"https:\/\/www.ttcomm.net\/?page_id=2368#breadcrumb"},"inLanguage":"pl-PL","potentialAction":[{"@type":"ReadAction","target":["https:\/\/www.ttcomm.net\/?page_id=2368"]}]},{"@type":"BreadcrumbList","@id":"https:\/\/www.ttcomm.net\/?page_id=2368#breadcrumb","itemListElement":[{"@type":"ListItem","position":1,"name":"Strona g\u0142\u00f3wna","item":"https:\/\/www.ttcomm.net\/"},{"@type":"ListItem","position":2,"name":"Kontakt"}]},{"@type":"WebSite","@id":"https:\/\/www.ttcomm.net\/#website","url":"https:\/\/www.ttcomm.net\/","name":"ttcomm.net","description":"Globalne rozwi\u0105zania telekomunikacyjne","publisher":{"@id":"https:\/\/www.ttcomm.net\/#organization"},"potentialAction":[{"@type":"SearchAction","target":{"@type":"EntryPoint","urlTemplate":"https:\/\/www.ttcomm.net\/?s={search_term_string}"},"query-input":"required name=search_term_string"}],"inLanguage":"pl-PL"},{"@type":"Organization","@id":"https:\/\/www.ttcomm.net\/#organization","name":"TTcomm SA","url":"https:\/\/www.ttcomm.net\/","logo":{"@type":"ImageObject","inLanguage":"pl-PL","@id":"https:\/\/www.ttcomm.net\/#\/schema\/logo\/image\/","url":"https:\/\/www.ttcomm.net\/wp-content\/uploads\/2018\/06\/TTcom-logo_poziom.png","contentUrl":"https:\/\/www.ttcomm.net\/wp-content\/uploads\/2018\/06\/TTcom-logo_poziom.png","width":80,"height":34,"caption":"TTcomm SA"},"image":{"@id":"https:\/\/www.ttcomm.net\/#\/schema\/logo\/image\/"}}]}},"_links":{"self":[{"href":"https:\/\/www.ttcomm.net\/index.php?rest_route=\/wp\/v2\/pages\/2368"}],"collection":[{"href":"https:\/\/www.ttcomm.net\/index.php?rest_route=\/wp\/v2\/pages"}],"about":[{"href":"https:\/\/www.ttcomm.net\/index.php?rest_route=\/wp\/v2\/types\/page"}],"author":[{"embeddable":true,"href":"https:\/\/www.ttcomm.net\/index.php?rest_route=\/wp\/v2\/users\/8"}],"replies":[{"embeddable":true,"href":"https:\/\/www.ttcomm.net\/index.php?rest_route=%2Fwp%2Fv2%2Fcomments&post=2368"}],"version-history":[{"count":5,"href":"https:\/\/www.ttcomm.net\/index.php?rest_route=\/wp\/v2\/pages\/2368\/revisions"}],"predecessor-version":[{"id":4838,"href":"https:\/\/www.ttcomm.net\/index.php?rest_route=\/wp\/v2\/pages\/2368\/revisions\/4838"}],"wp:attachment":[{"href":"https:\/\/www.ttcomm.net\/index.php?rest_route=%2Fwp%2Fv2%2Fmedia&parent=2368"}],"curies":[{"name":"wp","href":"https:\/\/api.w.org\/{rel}","templated":true}]}}