{"id":2956,"date":"2018-07-17T23:35:38","date_gmt":"2018-07-17T23:35:38","guid":{"rendered":"https:\/\/ttcomm.net\/?page_id=2956"},"modified":"2021-07-14T13:52:58","modified_gmt":"2021-07-14T11:52:58","slug":"korporacje-zakres-uslug","status":"publish","type":"page","link":"https:\/\/www.ttcomm.net\/?page_id=2956","title":{"rendered":"KORPORACJE &#8211; ZAKRES US\u0141UG"},"content":{"rendered":"","protected":false},"excerpt":{"rendered":"","protected":false},"author":8,"featured_media":0,"parent":0,"menu_order":0,"comment_status":"closed","ping_status":"closed","template":"","meta":{"footnotes":""},"yoast_head":"<!-- This site is optimized with the Yoast SEO plugin v21.3 - https:\/\/yoast.com\/wordpress\/plugins\/seo\/ -->\n<title>KORPORACJE - ZAKRES US\u0141UG - ttcomm.net<\/title>\n<meta name=\"description\" content=\"TTcomm oferuje szerok\u0105 gam\u0119 rozwi\u0105za\u0144 dla sieci korporacyjnych.... Szerokopasmowy dost\u0119p do internetu, dzier\u017cawa segmentu satelitarnego ...\" \/>\n<meta name=\"robots\" content=\"index, follow, max-snippet:-1, max-image-preview:large, max-video-preview:-1\" \/>\n<link rel=\"canonical\" href=\"https:\/\/www.ttcomm.net\/?page_id=2956\" \/>\n<meta property=\"og:locale\" content=\"pl_PL\" \/>\n<meta property=\"og:type\" content=\"article\" \/>\n<meta property=\"og:title\" content=\"KORPORACJE - ZAKRES US\u0141UG - ttcomm.net\" \/>\n<meta property=\"og:description\" content=\"TTcomm oferuje szerok\u0105 gam\u0119 rozwi\u0105za\u0144 dla sieci korporacyjnych.... Szerokopasmowy dost\u0119p do internetu, dzier\u017cawa segmentu satelitarnego ...\" \/>\n<meta property=\"og:url\" content=\"https:\/\/www.ttcomm.net\/?page_id=2956\" \/>\n<meta property=\"og:site_name\" content=\"ttcomm.net\" \/>\n<meta property=\"article:modified_time\" content=\"2021-07-14T11:52:58+00:00\" \/>\n<meta name=\"twitter:card\" content=\"summary_large_image\" \/>\n<script type=\"application\/ld+json\" class=\"yoast-schema-graph\">{\"@context\":\"https:\/\/schema.org\",\"@graph\":[{\"@type\":\"WebPage\",\"@id\":\"https:\/\/www.ttcomm.net\/?page_id=2956\",\"url\":\"https:\/\/www.ttcomm.net\/?page_id=2956\",\"name\":\"KORPORACJE - ZAKRES US\u0141UG - ttcomm.net\",\"isPartOf\":{\"@id\":\"https:\/\/www.ttcomm.net\/#website\"},\"datePublished\":\"2018-07-17T23:35:38+00:00\",\"dateModified\":\"2021-07-14T11:52:58+00:00\",\"description\":\"TTcomm oferuje szerok\u0105 gam\u0119 rozwi\u0105za\u0144 dla sieci korporacyjnych.... Szerokopasmowy dost\u0119p do internetu, dzier\u017cawa segmentu satelitarnego ...\",\"breadcrumb\":{\"@id\":\"https:\/\/www.ttcomm.net\/?page_id=2956#breadcrumb\"},\"inLanguage\":\"pl-PL\",\"potentialAction\":[{\"@type\":\"ReadAction\",\"target\":[\"https:\/\/www.ttcomm.net\/?page_id=2956\"]}]},{\"@type\":\"BreadcrumbList\",\"@id\":\"https:\/\/www.ttcomm.net\/?page_id=2956#breadcrumb\",\"itemListElement\":[{\"@type\":\"ListItem\",\"position\":1,\"name\":\"Strona g\u0142\u00f3wna\",\"item\":\"https:\/\/www.ttcomm.net\/\"},{\"@type\":\"ListItem\",\"position\":2,\"name\":\"KORPORACJE &#8211; ZAKRES US\u0141UG\"}]},{\"@type\":\"WebSite\",\"@id\":\"https:\/\/www.ttcomm.net\/#website\",\"url\":\"https:\/\/www.ttcomm.net\/\",\"name\":\"ttcomm.net\",\"description\":\"Globalne rozwi\u0105zania telekomunikacyjne\",\"publisher\":{\"@id\":\"https:\/\/www.ttcomm.net\/#organization\"},\"potentialAction\":[{\"@type\":\"SearchAction\",\"target\":{\"@type\":\"EntryPoint\",\"urlTemplate\":\"https:\/\/www.ttcomm.net\/?s={search_term_string}\"},\"query-input\":\"required name=search_term_string\"}],\"inLanguage\":\"pl-PL\"},{\"@type\":\"Organization\",\"@id\":\"https:\/\/www.ttcomm.net\/#organization\",\"name\":\"TTcomm SA\",\"url\":\"https:\/\/www.ttcomm.net\/\",\"logo\":{\"@type\":\"ImageObject\",\"inLanguage\":\"pl-PL\",\"@id\":\"https:\/\/www.ttcomm.net\/#\/schema\/logo\/image\/\",\"url\":\"https:\/\/www.ttcomm.net\/wp-content\/uploads\/2018\/06\/TTcom-logo_poziom.png\",\"contentUrl\":\"https:\/\/www.ttcomm.net\/wp-content\/uploads\/2018\/06\/TTcom-logo_poziom.png\",\"width\":80,\"height\":34,\"caption\":\"TTcomm SA\"},\"image\":{\"@id\":\"https:\/\/www.ttcomm.net\/#\/schema\/logo\/image\/\"}}]}<\/script>\n<!-- \/ Yoast SEO plugin. -->","yoast_head_json":{"title":"KORPORACJE - ZAKRES US\u0141UG - ttcomm.net","description":"TTcomm oferuje szerok\u0105 gam\u0119 rozwi\u0105za\u0144 dla sieci korporacyjnych.... Szerokopasmowy dost\u0119p do internetu, dzier\u017cawa segmentu satelitarnego ...","robots":{"index":"index","follow":"follow","max-snippet":"max-snippet:-1","max-image-preview":"max-image-preview:large","max-video-preview":"max-video-preview:-1"},"canonical":"https:\/\/www.ttcomm.net\/?page_id=2956","og_locale":"pl_PL","og_type":"article","og_title":"KORPORACJE - ZAKRES US\u0141UG - ttcomm.net","og_description":"TTcomm oferuje szerok\u0105 gam\u0119 rozwi\u0105za\u0144 dla sieci korporacyjnych.... Szerokopasmowy dost\u0119p do internetu, dzier\u017cawa segmentu satelitarnego ...","og_url":"https:\/\/www.ttcomm.net\/?page_id=2956","og_site_name":"ttcomm.net","article_modified_time":"2021-07-14T11:52:58+00:00","twitter_card":"summary_large_image","schema":{"@context":"https:\/\/schema.org","@graph":[{"@type":"WebPage","@id":"https:\/\/www.ttcomm.net\/?page_id=2956","url":"https:\/\/www.ttcomm.net\/?page_id=2956","name":"KORPORACJE - ZAKRES US\u0141UG - ttcomm.net","isPartOf":{"@id":"https:\/\/www.ttcomm.net\/#website"},"datePublished":"2018-07-17T23:35:38+00:00","dateModified":"2021-07-14T11:52:58+00:00","description":"TTcomm oferuje szerok\u0105 gam\u0119 rozwi\u0105za\u0144 dla sieci korporacyjnych.... Szerokopasmowy dost\u0119p do internetu, dzier\u017cawa segmentu satelitarnego ...","breadcrumb":{"@id":"https:\/\/www.ttcomm.net\/?page_id=2956#breadcrumb"},"inLanguage":"pl-PL","potentialAction":[{"@type":"ReadAction","target":["https:\/\/www.ttcomm.net\/?page_id=2956"]}]},{"@type":"BreadcrumbList","@id":"https:\/\/www.ttcomm.net\/?page_id=2956#breadcrumb","itemListElement":[{"@type":"ListItem","position":1,"name":"Strona g\u0142\u00f3wna","item":"https:\/\/www.ttcomm.net\/"},{"@type":"ListItem","position":2,"name":"KORPORACJE &#8211; ZAKRES US\u0141UG"}]},{"@type":"WebSite","@id":"https:\/\/www.ttcomm.net\/#website","url":"https:\/\/www.ttcomm.net\/","name":"ttcomm.net","description":"Globalne rozwi\u0105zania telekomunikacyjne","publisher":{"@id":"https:\/\/www.ttcomm.net\/#organization"},"potentialAction":[{"@type":"SearchAction","target":{"@type":"EntryPoint","urlTemplate":"https:\/\/www.ttcomm.net\/?s={search_term_string}"},"query-input":"required name=search_term_string"}],"inLanguage":"pl-PL"},{"@type":"Organization","@id":"https:\/\/www.ttcomm.net\/#organization","name":"TTcomm SA","url":"https:\/\/www.ttcomm.net\/","logo":{"@type":"ImageObject","inLanguage":"pl-PL","@id":"https:\/\/www.ttcomm.net\/#\/schema\/logo\/image\/","url":"https:\/\/www.ttcomm.net\/wp-content\/uploads\/2018\/06\/TTcom-logo_poziom.png","contentUrl":"https:\/\/www.ttcomm.net\/wp-content\/uploads\/2018\/06\/TTcom-logo_poziom.png","width":80,"height":34,"caption":"TTcomm SA"},"image":{"@id":"https:\/\/www.ttcomm.net\/#\/schema\/logo\/image\/"}}]}},"_links":{"self":[{"href":"https:\/\/www.ttcomm.net\/index.php?rest_route=\/wp\/v2\/pages\/2956"}],"collection":[{"href":"https:\/\/www.ttcomm.net\/index.php?rest_route=\/wp\/v2\/pages"}],"about":[{"href":"https:\/\/www.ttcomm.net\/index.php?rest_route=\/wp\/v2\/types\/page"}],"author":[{"embeddable":true,"href":"https:\/\/www.ttcomm.net\/index.php?rest_route=\/wp\/v2\/users\/8"}],"replies":[{"embeddable":true,"href":"https:\/\/www.ttcomm.net\/index.php?rest_route=%2Fwp%2Fv2%2Fcomments&post=2956"}],"version-history":[{"count":5,"href":"https:\/\/www.ttcomm.net\/index.php?rest_route=\/wp\/v2\/pages\/2956\/revisions"}],"predecessor-version":[{"id":3177,"href":"https:\/\/www.ttcomm.net\/index.php?rest_route=\/wp\/v2\/pages\/2956\/revisions\/3177"}],"wp:attachment":[{"href":"https:\/\/www.ttcomm.net\/index.php?rest_route=%2Fwp%2Fv2%2Fmedia&parent=2956"}],"curies":[{"name":"wp","href":"https:\/\/api.w.org\/{rel}","templated":true}]}}