{"id":2962,"date":"2018-07-18T22:51:16","date_gmt":"2018-07-18T22:51:16","guid":{"rendered":"https:\/\/ttcomm.net\/?page_id=2962"},"modified":"2021-07-14T13:23:02","modified_gmt":"2021-07-14T11:23:02","slug":"wojsko-zakres-uslug","status":"publish","type":"page","link":"https:\/\/www.ttcomm.net\/?page_id=2962","title":{"rendered":"Wojsko &#8211; Zakres Us\u0142ug"},"content":{"rendered":"","protected":false},"excerpt":{"rendered":"","protected":false},"author":8,"featured_media":0,"parent":0,"menu_order":0,"comment_status":"closed","ping_status":"closed","template":"","meta":{"footnotes":""},"yoast_head":"<!-- This site is optimized with the Yoast SEO plugin v21.3 - https:\/\/yoast.com\/wordpress\/plugins\/seo\/ -->\n<title>Wojsko - Zakres Us\u0142ug - ttcomm.net<\/title>\n<meta name=\"description\" content=\"TTcomm od wielu lat wspiera sektor rz\u0105dowy w realizacji projekt\u00f3w wymagaj\u0105cych niezawodnej \u0142\u0105czno\u015bci w najbardziej ekstremalnych warunkach. Integrujemy i dostarczamy r\u00f3\u017cnorodne systemy satelitarne zaprojektowane i zbudowane wed\u0142ug indywidualnej specyfikacji zamawiaj\u0105cego . Oferujemy us\u0142ug\u0119 w zakresie uruchomienia, eksploatacji oraz zarz\u0105dzania prac\u0105 mobilnych w\u0119z\u0142\u00f3w teleinformatycznych, dostosowanych do indywidualnych potrzeb Klient\u00f3w.\" \/>\n<meta name=\"robots\" content=\"index, follow, max-snippet:-1, max-image-preview:large, max-video-preview:-1\" \/>\n<link rel=\"canonical\" href=\"https:\/\/www.ttcomm.net\/?page_id=2962\" \/>\n<meta property=\"og:locale\" content=\"pl_PL\" \/>\n<meta property=\"og:type\" content=\"article\" \/>\n<meta property=\"og:title\" content=\"Wojsko - Zakres Us\u0142ug - ttcomm.net\" \/>\n<meta property=\"og:description\" content=\"TTcomm od wielu lat wspiera sektor rz\u0105dowy w realizacji projekt\u00f3w wymagaj\u0105cych niezawodnej \u0142\u0105czno\u015bci w najbardziej ekstremalnych warunkach. Integrujemy i dostarczamy r\u00f3\u017cnorodne systemy satelitarne zaprojektowane i zbudowane wed\u0142ug indywidualnej specyfikacji zamawiaj\u0105cego . Oferujemy us\u0142ug\u0119 w zakresie uruchomienia, eksploatacji oraz zarz\u0105dzania prac\u0105 mobilnych w\u0119z\u0142\u00f3w teleinformatycznych, dostosowanych do indywidualnych potrzeb Klient\u00f3w.\" \/>\n<meta property=\"og:url\" content=\"https:\/\/www.ttcomm.net\/?page_id=2962\" \/>\n<meta property=\"og:site_name\" content=\"ttcomm.net\" \/>\n<meta property=\"article:modified_time\" content=\"2021-07-14T11:23:02+00:00\" \/>\n<meta name=\"twitter:card\" content=\"summary_large_image\" \/>\n<script type=\"application\/ld+json\" class=\"yoast-schema-graph\">{\"@context\":\"https:\/\/schema.org\",\"@graph\":[{\"@type\":\"WebPage\",\"@id\":\"https:\/\/www.ttcomm.net\/?page_id=2962\",\"url\":\"https:\/\/www.ttcomm.net\/?page_id=2962\",\"name\":\"Wojsko - Zakres Us\u0142ug - ttcomm.net\",\"isPartOf\":{\"@id\":\"https:\/\/www.ttcomm.net\/#website\"},\"datePublished\":\"2018-07-18T22:51:16+00:00\",\"dateModified\":\"2021-07-14T11:23:02+00:00\",\"description\":\"TTcomm od wielu lat wspiera sektor rz\u0105dowy w realizacji projekt\u00f3w wymagaj\u0105cych niezawodnej \u0142\u0105czno\u015bci w najbardziej ekstremalnych warunkach. Integrujemy i dostarczamy r\u00f3\u017cnorodne systemy satelitarne zaprojektowane i zbudowane wed\u0142ug indywidualnej specyfikacji zamawiaj\u0105cego . Oferujemy us\u0142ug\u0119 w zakresie uruchomienia, eksploatacji oraz zarz\u0105dzania prac\u0105 mobilnych w\u0119z\u0142\u00f3w teleinformatycznych, dostosowanych do indywidualnych potrzeb Klient\u00f3w.\",\"breadcrumb\":{\"@id\":\"https:\/\/www.ttcomm.net\/?page_id=2962#breadcrumb\"},\"inLanguage\":\"pl-PL\",\"potentialAction\":[{\"@type\":\"ReadAction\",\"target\":[\"https:\/\/www.ttcomm.net\/?page_id=2962\"]}]},{\"@type\":\"BreadcrumbList\",\"@id\":\"https:\/\/www.ttcomm.net\/?page_id=2962#breadcrumb\",\"itemListElement\":[{\"@type\":\"ListItem\",\"position\":1,\"name\":\"Strona g\u0142\u00f3wna\",\"item\":\"https:\/\/www.ttcomm.net\/\"},{\"@type\":\"ListItem\",\"position\":2,\"name\":\"Wojsko &#8211; Zakres Us\u0142ug\"}]},{\"@type\":\"WebSite\",\"@id\":\"https:\/\/www.ttcomm.net\/#website\",\"url\":\"https:\/\/www.ttcomm.net\/\",\"name\":\"ttcomm.net\",\"description\":\"Globalne rozwi\u0105zania telekomunikacyjne\",\"publisher\":{\"@id\":\"https:\/\/www.ttcomm.net\/#organization\"},\"potentialAction\":[{\"@type\":\"SearchAction\",\"target\":{\"@type\":\"EntryPoint\",\"urlTemplate\":\"https:\/\/www.ttcomm.net\/?s={search_term_string}\"},\"query-input\":\"required name=search_term_string\"}],\"inLanguage\":\"pl-PL\"},{\"@type\":\"Organization\",\"@id\":\"https:\/\/www.ttcomm.net\/#organization\",\"name\":\"TTcomm SA\",\"url\":\"https:\/\/www.ttcomm.net\/\",\"logo\":{\"@type\":\"ImageObject\",\"inLanguage\":\"pl-PL\",\"@id\":\"https:\/\/www.ttcomm.net\/#\/schema\/logo\/image\/\",\"url\":\"https:\/\/www.ttcomm.net\/wp-content\/uploads\/2018\/06\/TTcom-logo_poziom.png\",\"contentUrl\":\"https:\/\/www.ttcomm.net\/wp-content\/uploads\/2018\/06\/TTcom-logo_poziom.png\",\"width\":80,\"height\":34,\"caption\":\"TTcomm SA\"},\"image\":{\"@id\":\"https:\/\/www.ttcomm.net\/#\/schema\/logo\/image\/\"}}]}<\/script>\n<!-- \/ Yoast SEO plugin. -->","yoast_head_json":{"title":"Wojsko - Zakres Us\u0142ug - ttcomm.net","description":"TTcomm od wielu lat wspiera sektor rz\u0105dowy w realizacji projekt\u00f3w wymagaj\u0105cych niezawodnej \u0142\u0105czno\u015bci w najbardziej ekstremalnych warunkach. Integrujemy i dostarczamy r\u00f3\u017cnorodne systemy satelitarne zaprojektowane i zbudowane wed\u0142ug indywidualnej specyfikacji zamawiaj\u0105cego . Oferujemy us\u0142ug\u0119 w zakresie uruchomienia, eksploatacji oraz zarz\u0105dzania prac\u0105 mobilnych w\u0119z\u0142\u00f3w teleinformatycznych, dostosowanych do indywidualnych potrzeb Klient\u00f3w.","robots":{"index":"index","follow":"follow","max-snippet":"max-snippet:-1","max-image-preview":"max-image-preview:large","max-video-preview":"max-video-preview:-1"},"canonical":"https:\/\/www.ttcomm.net\/?page_id=2962","og_locale":"pl_PL","og_type":"article","og_title":"Wojsko - Zakres Us\u0142ug - ttcomm.net","og_description":"TTcomm od wielu lat wspiera sektor rz\u0105dowy w realizacji projekt\u00f3w wymagaj\u0105cych niezawodnej \u0142\u0105czno\u015bci w najbardziej ekstremalnych warunkach. Integrujemy i dostarczamy r\u00f3\u017cnorodne systemy satelitarne zaprojektowane i zbudowane wed\u0142ug indywidualnej specyfikacji zamawiaj\u0105cego . Oferujemy us\u0142ug\u0119 w zakresie uruchomienia, eksploatacji oraz zarz\u0105dzania prac\u0105 mobilnych w\u0119z\u0142\u00f3w teleinformatycznych, dostosowanych do indywidualnych potrzeb Klient\u00f3w.","og_url":"https:\/\/www.ttcomm.net\/?page_id=2962","og_site_name":"ttcomm.net","article_modified_time":"2021-07-14T11:23:02+00:00","twitter_card":"summary_large_image","schema":{"@context":"https:\/\/schema.org","@graph":[{"@type":"WebPage","@id":"https:\/\/www.ttcomm.net\/?page_id=2962","url":"https:\/\/www.ttcomm.net\/?page_id=2962","name":"Wojsko - Zakres Us\u0142ug - ttcomm.net","isPartOf":{"@id":"https:\/\/www.ttcomm.net\/#website"},"datePublished":"2018-07-18T22:51:16+00:00","dateModified":"2021-07-14T11:23:02+00:00","description":"TTcomm od wielu lat wspiera sektor rz\u0105dowy w realizacji projekt\u00f3w wymagaj\u0105cych niezawodnej \u0142\u0105czno\u015bci w najbardziej ekstremalnych warunkach. Integrujemy i dostarczamy r\u00f3\u017cnorodne systemy satelitarne zaprojektowane i zbudowane wed\u0142ug indywidualnej specyfikacji zamawiaj\u0105cego . Oferujemy us\u0142ug\u0119 w zakresie uruchomienia, eksploatacji oraz zarz\u0105dzania prac\u0105 mobilnych w\u0119z\u0142\u00f3w teleinformatycznych, dostosowanych do indywidualnych potrzeb Klient\u00f3w.","breadcrumb":{"@id":"https:\/\/www.ttcomm.net\/?page_id=2962#breadcrumb"},"inLanguage":"pl-PL","potentialAction":[{"@type":"ReadAction","target":["https:\/\/www.ttcomm.net\/?page_id=2962"]}]},{"@type":"BreadcrumbList","@id":"https:\/\/www.ttcomm.net\/?page_id=2962#breadcrumb","itemListElement":[{"@type":"ListItem","position":1,"name":"Strona g\u0142\u00f3wna","item":"https:\/\/www.ttcomm.net\/"},{"@type":"ListItem","position":2,"name":"Wojsko &#8211; Zakres Us\u0142ug"}]},{"@type":"WebSite","@id":"https:\/\/www.ttcomm.net\/#website","url":"https:\/\/www.ttcomm.net\/","name":"ttcomm.net","description":"Globalne rozwi\u0105zania telekomunikacyjne","publisher":{"@id":"https:\/\/www.ttcomm.net\/#organization"},"potentialAction":[{"@type":"SearchAction","target":{"@type":"EntryPoint","urlTemplate":"https:\/\/www.ttcomm.net\/?s={search_term_string}"},"query-input":"required name=search_term_string"}],"inLanguage":"pl-PL"},{"@type":"Organization","@id":"https:\/\/www.ttcomm.net\/#organization","name":"TTcomm SA","url":"https:\/\/www.ttcomm.net\/","logo":{"@type":"ImageObject","inLanguage":"pl-PL","@id":"https:\/\/www.ttcomm.net\/#\/schema\/logo\/image\/","url":"https:\/\/www.ttcomm.net\/wp-content\/uploads\/2018\/06\/TTcom-logo_poziom.png","contentUrl":"https:\/\/www.ttcomm.net\/wp-content\/uploads\/2018\/06\/TTcom-logo_poziom.png","width":80,"height":34,"caption":"TTcomm SA"},"image":{"@id":"https:\/\/www.ttcomm.net\/#\/schema\/logo\/image\/"}}]}},"_links":{"self":[{"href":"https:\/\/www.ttcomm.net\/index.php?rest_route=\/wp\/v2\/pages\/2962"}],"collection":[{"href":"https:\/\/www.ttcomm.net\/index.php?rest_route=\/wp\/v2\/pages"}],"about":[{"href":"https:\/\/www.ttcomm.net\/index.php?rest_route=\/wp\/v2\/types\/page"}],"author":[{"embeddable":true,"href":"https:\/\/www.ttcomm.net\/index.php?rest_route=\/wp\/v2\/users\/8"}],"replies":[{"embeddable":true,"href":"https:\/\/www.ttcomm.net\/index.php?rest_route=%2Fwp%2Fv2%2Fcomments&post=2962"}],"version-history":[{"count":5,"href":"https:\/\/www.ttcomm.net\/index.php?rest_route=\/wp\/v2\/pages\/2962\/revisions"}],"predecessor-version":[{"id":4688,"href":"https:\/\/www.ttcomm.net\/index.php?rest_route=\/wp\/v2\/pages\/2962\/revisions\/4688"}],"wp:attachment":[{"href":"https:\/\/www.ttcomm.net\/index.php?rest_route=%2Fwp%2Fv2%2Fmedia&parent=2962"}],"curies":[{"name":"wp","href":"https:\/\/api.w.org\/{rel}","templated":true}]}}